{"id":1941,"date":"2017-11-03T05:49:11","date_gmt":"2017-11-03T05:49:11","guid":{"rendered":"http:\/\/192.168.0.100\/grassy\/?page_id=1941"},"modified":"2020-05-19T20:39:37","modified_gmt":"2020-05-19T23:39:37","slug":"sobre-nos","status":"publish","type":"page","link":"https:\/\/boasnovas.me\/novosite\/sobre-nos\/","title":{"rendered":"Sobre N\u00f3s"},"content":{"rendered":"<p>[vc_row][vc_column][vc_empty_space height=&#8221;60px&#8221;][vc_custom_heading text=&#8221;Sobre N\u00f3s&#8221; font_container=&#8221;tag:h2|text_align:left|color:%23f37f70&#8243;][vc_separator][\/vc_column][\/vc_row][vc_row][vc_column width=&#8221;1\/2&#8243;][vc_column_text]<strong>OL\u00c1, N\u00d3S SOMOS A BOASNOVAS!<\/strong><\/p>\n<p>Chegamos ao mercado em 2015. Na \u00e9poca, t\u00ednhamos uma filosofia de trabalho simples, que se mant\u00e9m at\u00e9 hoje:<strong> criar estrat\u00e9gias, desenvolver projetos e realizar a\u00e7\u00f5es de Comunica\u00e7\u00e3o Interna e Endomarketing que fa\u00e7am sentido para as pessoas.<\/strong><\/p>\n<p>Desde ent\u00e3o, nos dedicamos a contar <strong>hist\u00f3rias verdadeiras <\/strong>&#8211; que convidam cada indiv\u00edduo a<strong> pensar<\/strong>, se <strong>inspirar<\/strong>, <strong>evoluir <\/strong>e, claro, <strong>fazer acontecer.<\/strong>[\/vc_column_text][\/vc_column][vc_column width=&#8221;1\/2&#8243;][vc_column_text]<span style=\"color: #ffffff;\">&#8211;<\/span><\/p>\n<p>\u00c9 desta forma que ajudamos nossos clientes a levarem <strong>prop\u00f3sito<\/strong> e <strong>satisfa\u00e7\u00e3o<\/strong> para seus <strong>ambientes de trabalho<\/strong>.<\/p>\n<p>Afinal, quando fazemos <strong>comunica\u00e7\u00e3o de verdade<\/strong> podemos <strong>mudar a vida das pessoas<\/strong> e a <strong>realidade do mundo<\/strong> em que vivemos.<\/p>\n<p><strong>Muito prazer!<\/strong>[\/vc_column_text][\/vc_column][vc_column][vc_empty_space height=&#8221;60px&#8221;][\/vc_column][\/vc_row][vc_row full_width=&#8221;stretch_row&#8221; content_placement=&#8221;middle&#8221; parallax=&#8221;content-moving&#8221; css=&#8221;.vc_custom_1589290169257{padding-top: 60px !important;padding-bottom: 95px !important;background-image: url(http:\/\/keenitsolution.com\/products\/wordpress\/grassy\/\/wp-content\/uploads\/2017\/08\/counter-up.jpg?id=440) !important;background-position: center;background-repeat: no-repeat;background-size:cover;}&#8221;][vc_column][vc_column_text]<\/p>\n<h1 style=\"text-align: center;\"><span style=\"color: #ffffff;\"><strong>Somos especialistas em comunica\u00e7\u00e3o<br \/>\nque faz sentido para as pessoas.<\/strong><\/span><\/h1>\n<p>[\/vc_column_text][\/vc_column][\/vc_row][vc_row][vc_column][vc_custom_heading text=&#8221;Nosso Jeito&#8221; font_container=&#8221;tag:h2|text_align:left|color:%23f37f70&#8243;][vc_separator][\/vc_column][\/vc_row][vc_row][vc_column width=&#8221;1\/2&#8243;][vc_column_text]<strong>PROP\u00d3SITO<\/strong><\/p>\n<p>Quando a <strong>comunica\u00e7\u00e3o<\/strong> \u00e9 feita para as pessoas, a <strong>satisfa\u00e7\u00e3o<\/strong> vira rotina e os <strong>resultados<\/strong> se sentem em casa.[\/vc_column_text][vc_column_text]<strong>VALORES<\/strong><\/p>\n<p>Fazemos quest\u00e3o de viver a <strong>nossa cultura<\/strong> diariamente, afinal \u00e9 por meio dela que entregamos <strong>o que temos de melhor<\/strong> para os <strong>nossos clientes<\/strong>.[\/vc_column_text][\/vc_column][vc_column width=&#8221;1\/2&#8243;][vc_single_image image=&#8221;3856&#8243; img_size=&#8221;full&#8221;][\/vc_column][\/vc_row][vc_row full_width=&#8221;stretch_row&#8221; el_class=&#8221;rs-services spacing-sticky&#8221; css=&#8221;.vc_custom_1511345614415{padding-top: 55px !important;padding-bottom: 50px !important;background-color: #f9f9f9 !important;}&#8221;][vc_column][vc_custom_heading text=&#8221;Nossos Servi\u00e7os&#8221; font_container=&#8221;tag:h2|text_align:left|color:%23f37f70&#8243;][vc_separator][vc_row_inner css=&#8221;.vc_custom_1515066916788{padding-bottom: 18px !important;}&#8221;][vc_column_inner width=&#8221;1\/3&#8243;]<div class=\"rs-services\"><div class=\"service-inner services-style-2  \">\r\n\t\t<div class=\"services-wrap\"> \r\n         <div class=\"services-item\">\r\n            <div class=\"services-icon\">\r\n                <img src=\"https:\/\/boasnovas.me\/novosite\/wp-content\/uploads\/2020\/05\/2020_03_11_bn_site_servicos_diagnosticos_600x400px_v01.png\" alt=\"grassy-service\" \/>\r\n             <\/div>\r\n        \r\n\t\t<div class=\"services-desc\">\t\t\t\r\n\t\t\tOlhar para <strong>dentro<\/strong>, encontrar os <strong>pontos fortes<\/strong>, <strong>oportunidades<\/strong>, cruzar o <strong>discurso com a pr\u00e1tica<\/strong> e com a <strong>aspira\u00e7\u00e3o da empresa<\/strong>. \r\n\t\t<\/div>\t\t\r\n\t\t<\/div>\t\r\n\t<\/div>\r\n\t<h2 class=\"services-title services-title2\"><a >Diagn\u00f3sticos de Comunica\u00e7\u00e3o<\/a><\/h2>\r\n\t<\/div><\/div><div class=\"rs-services\"><div class=\"service-inner services-style-2  \">\r\n\t\t<div class=\"services-wrap\"> \r\n         <div class=\"services-item\">\r\n            <div class=\"services-icon\">\r\n                <img src=\"https:\/\/boasnovas.me\/novosite\/wp-content\/uploads\/2020\/05\/2020_03_11_bn_site_servicos_editoriais_600x400px_v01.png\" alt=\"grassy-service\" \/>\r\n             <\/div>\r\n        \r\n\t\t<div class=\"services-desc\">\t\t\t\r\n\t\t\tO <strong>conte\u00fado<\/strong> \u00e9 <strong>estrat\u00e9gico<\/strong> para que a <strong>comunica\u00e7\u00e3o<\/strong> aconte\u00e7a. Por isso, \u00e9 importante dar luz \u00e0s <strong>informa\u00e7\u00f5es relevantes<\/strong> para que <strong>cada p\u00fablico<\/strong> saiba como <strong>atuar<\/strong> de forma correta. \r\n\t\t<\/div>\t\t\r\n\t\t<\/div>\t\r\n\t<\/div>\r\n\t<h2 class=\"services-title services-title2\"><a >Editoriais On e Off-line<\/a><\/h2>\r\n\t<\/div><\/div>[\/vc_column_inner][vc_column_inner width=&#8221;1\/3&#8243;]<div class=\"rs-services\"><div class=\"service-inner services-style-2  \">\r\n\t\t<div class=\"services-wrap\"> \r\n         <div class=\"services-item\">\r\n            <div class=\"services-icon\">\r\n                <img src=\"https:\/\/boasnovas.me\/novosite\/wp-content\/uploads\/2020\/05\/2020_03_11_bn_site_servicos_consultorias_600x400px_v01.png\" alt=\"grassy-service\" \/>\r\n             <\/div>\r\n        \r\n\t\t<div class=\"services-desc\">\t\t\t\r\n\t\t\tDe nada adianta um <strong>diagn\u00f3stico<\/strong>, se as <strong>informa\u00e7\u00f5es levantadas<\/strong> n\u00e3o gerarem <strong>insights<\/strong> para que os <strong>desafios<\/strong> sejam vencidos. \r\n\t\t<\/div>\t\t\r\n\t\t<\/div>\t\r\n\t<\/div>\r\n\t<h2 class=\"services-title services-title2\"><a >Consultorias<\/a><\/h2>\r\n\t<\/div><\/div><div class=\"rs-services\"><div class=\"service-inner services-style-2  \">\r\n\t\t<div class=\"services-wrap\"> \r\n         <div class=\"services-item\">\r\n            <div class=\"services-icon\">\r\n                <img src=\"https:\/\/boasnovas.me\/novosite\/wp-content\/uploads\/2020\/05\/2020_03_11_bn_site_servicos_evp_600x400px_v01.png\" alt=\"grassy-service\" \/>\r\n             <\/div>\r\n        \r\n\t\t<div class=\"services-desc\">\t\t\t\r\n\t\t\tSeja para iniciar o relacionamento com <strong>jovens profissionais<\/strong>, engajar os <strong>atuais colaboradores<\/strong> ou atrair <strong>talentos<\/strong>, um bom trabalho de <strong>employer branding<\/strong> cria <strong>experi\u00eancias \u00fanicas<\/strong>. \r\n\t\t<\/div>\t\t\r\n\t\t<\/div>\t\r\n\t<\/div>\r\n\t<h2 class=\"services-title services-title2\"><a href=\"http:\/\/keenitsolution.com\/products\/wordpress\/grassy\/services\/market-consulting\/\" title=\"\">Cultura e EVP<\/a><\/h2>\r\n\t<\/div><\/div>[\/vc_column_inner][vc_column_inner width=&#8221;1\/3&#8243;]<div class=\"rs-services\"><div class=\"service-inner services-style-2  \">\r\n\t\t<div class=\"services-wrap\"> \r\n         <div class=\"services-item\">\r\n            <div class=\"services-icon\">\r\n                <img src=\"https:\/\/boasnovas.me\/novosite\/wp-content\/uploads\/2020\/05\/2020_03_11_bn_site_servicos_campanhas_600x400px_v01.png\" alt=\"grassy-service\" \/>\r\n             <\/div>\r\n        \r\n\t\t<div class=\"services-desc\">\t\t\t\r\n\t\t\tPara falar a mesma <strong>l\u00edngua<\/strong> do p\u00fablico e fazer uma <strong>campanha<\/strong> ou <strong>a\u00e7\u00e3o<\/strong> que desperte o <strong>interesse<\/strong> e <strong>mobilize,<\/strong> \u00e9 preciso <strong>comunicar<\/strong> de forma <strong>humanizada<\/strong> e <strong>transparente<\/strong>. \r\n\t\t<\/div>\t\t\r\n\t\t<\/div>\t\r\n\t<\/div>\r\n\t<h2 class=\"services-title services-title2\"><a >Campanhas e A\u00e7\u00f5es<\/a><\/h2>\r\n\t<\/div><\/div><div class=\"rs-services\"><div class=\"service-inner services-style-2  \">\r\n\t\t<div class=\"services-wrap\"> \r\n         <div class=\"services-item\">\r\n            <div class=\"services-icon\">\r\n                <img src=\"https:\/\/boasnovas.me\/novosite\/wp-content\/uploads\/2020\/05\/2020_03_11_bn_site_servicos_academia_600x400px_v01.png\" alt=\"grassy-service\" \/>\r\n             <\/div>\r\n        \r\n\t\t<div class=\"services-desc\">\t\t\t\r\n\t\t\tCriamos uma <strong>jornada de desenvolvimento <\/strong>focada em<strong> comunica\u00e7\u00e3o<\/strong>, tendo em mente <strong>direcionadores<\/strong> como <strong>autenticidade<\/strong>, <strong>qualidade<\/strong> e, claro, <strong>poder de transforma\u00e7\u00e3o<\/strong> nos <strong>neg\u00f3cios<\/strong> e na <strong>vida das pessoas<\/strong>. \r\n\t\t<\/div>\t\t\r\n\t\t<\/div>\t\r\n\t<\/div>\r\n\t<h2 class=\"services-title services-title2\"><a >Academia da Comunica\u00e7\u00e3o<\/a><\/h2>\r\n\t<\/div><\/div>[\/vc_column_inner][\/vc_row_inner][\/vc_column][\/vc_row][vc_row el_class=&#8221;rs-services spacing-sticky&#8221; css=&#8221;.vc_custom_1589931418438{padding-top: 55px !important;padding-bottom: 50px !important;background-color: #f9f9f9 !important;}&#8221;][vc_column][vc_custom_heading text=&#8221;Nossos Clientes&#8221; font_container=&#8221;tag:h2|text_align:left|color:%23f37f70&#8243;][vc_separator]<div class=\"rs-partner  \">           \r\n\t\t\t\t\t<div class=\"partner-carousel owl-carousel\" data-carousel-options=\"{&quot;nav&quot;:true,&quot;navText&quot;:[&quot;&lt;i class=&#039;fa fa-angle-left&#039;&gt;&lt;\\\/i&gt;&quot;,&quot;&lt;i class=&#039;fa fa-angle-right&#039;&gt;&lt;\\\/i&gt;&quot;],&quot;dots&quot;:false,&quot;autoplay&quot;:true,&quot;autoplayTimeout&quot;:&quot;5000&quot;,&quot;autoplaySpeed&quot;:&quot;200&quot;,&quot;autoplayHoverPause&quot;:true,&quot;loop&quot;:true,&quot;margin&quot;:30,&quot;responsive&quot;:{&quot;0&quot;:{&quot;items&quot;:&quot;1&quot;},&quot;480&quot;:{&quot;items&quot;:&quot;2&quot;},&quot;768&quot;:{&quot;items&quot;:&quot;3&quot;},&quot;992&quot;:{&quot;items&quot;:&quot;6&quot;},&quot;1200&quot;:{&quot;items&quot;:&quot;6&quot;}}}\"><div class=\"partner-item\">\r\n\t\t\t\t<a href=\"#\" target=\"_blank\"><img src=\"https:\/\/boasnovas.me\/novosite\/wp-content\/uploads\/2020\/05\/vexia_tr.png\" alt=\"Client 7\"><\/a>\r\n\t\t\t\t<\/div><div class=\"partner-item\">\r\n\t\t\t\t<a href=\"#\" target=\"_blank\"><img src=\"https:\/\/boasnovas.me\/novosite\/wp-content\/uploads\/2020\/05\/tereos_tr.png\" alt=\"Client 6\"><\/a>\r\n\t\t\t\t<\/div><div class=\"partner-item\">\r\n\t\t\t\t<a href=\"#\" target=\"_blank\"><img src=\"https:\/\/boasnovas.me\/novosite\/wp-content\/uploads\/2020\/05\/cpfl_tr.png\" alt=\"Client 5\"><\/a>\r\n\t\t\t\t<\/div><div class=\"partner-item\">\r\n\t\t\t\t<a href=\"#\" target=\"_blank\"><img src=\"https:\/\/boasnovas.me\/novosite\/wp-content\/uploads\/2020\/05\/ingaia_tr.png\" alt=\"Client 4\"><\/a>\r\n\t\t\t\t<\/div><div class=\"partner-item\">\r\n\t\t\t\t<a href=\"#\" target=\"_blank\"><img src=\"https:\/\/boasnovas.me\/novosite\/wp-content\/uploads\/2020\/05\/lenovo_tr.png\" alt=\"Client 3\"><\/a>\r\n\t\t\t\t<\/div><div class=\"partner-item\">\r\n\t\t\t\t<a href=\"#\" target=\"_blank\"><img src=\"https:\/\/boasnovas.me\/novosite\/wp-content\/uploads\/2020\/05\/marista_tr.png\" alt=\"Client 2\"><\/a>\r\n\t\t\t\t<\/div><\/div>\r\n\t<\/div>[\/vc_column][\/vc_row]<\/p>\n","protected":false},"excerpt":{"rendered":"<p>[vc_row][vc_column][vc_empty_space height=&rdquo;60px&rdquo;][vc_custom_heading text=&rdquo;Sobre N&oacute;s&rdquo; font_container=&rdquo;tag:h2|text_align:left|color:%23f37f70&Prime;][vc_separator][\/vc_column][\/vc_row][vc_row][vc_column width=&rdquo;1\/2&Prime;][vc_column_text]OL&Aacute;, N&Oacute;S SOMOS A BOASNOVAS! Chegamos ao mercado em 2015. Na &eacute;poca, t&iacute;nhamos uma filosofia&#8230;<\/p>\n","protected":false},"author":1,"featured_media":0,"parent":0,"menu_order":0,"comment_status":"closed","ping_status":"closed","template":"","meta":[],"yoast_head":"<!-- This site is optimized with the Yoast SEO plugin v14.1 - https:\/\/yoast.com\/wordpress\/plugins\/seo\/ -->\n<title>Sobre N\u00f3s - BoasNovas<\/title>\n<meta name=\"robots\" content=\"index, follow\" \/>\n<meta name=\"googlebot\" content=\"index, follow, max-snippet:-1, max-image-preview:large, max-video-preview:-1\" \/>\n<meta name=\"bingbot\" content=\"index, follow, max-snippet:-1, max-image-preview:large, max-video-preview:-1\" \/>\n<link rel=\"canonical\" href=\"http:\/\/boasnovas.me\/novosite\/sobre-nos\/\" \/>\n<meta property=\"og:locale\" content=\"en_US\" \/>\n<meta property=\"og:type\" content=\"article\" \/>\n<meta property=\"og:title\" content=\"Sobre N\u00f3s - BoasNovas\" \/>\n<meta property=\"og:description\" content=\"[vc_row][vc_column][vc_empty_space height=&rdquo;60px&rdquo;][vc_custom_heading text=&rdquo;Sobre N&oacute;s&rdquo; font_container=&rdquo;tag:h2|text_align:left|color:%23f37f70&Prime;][vc_separator][\/vc_column][\/vc_row][vc_row][vc_column width=&rdquo;1\/2&Prime;][vc_column_text]OL&Aacute;, N&Oacute;S SOMOS A BOASNOVAS! Chegamos ao mercado em 2015. Na &eacute;poca, t&iacute;nhamos uma filosofia...\" \/>\n<meta property=\"og:url\" content=\"http:\/\/boasnovas.me\/novosite\/sobre-nos\/\" \/>\n<meta property=\"og:site_name\" content=\"BoasNovas\" \/>\n<meta property=\"article:modified_time\" content=\"2020-05-19T23:39:37+00:00\" \/>\n<meta name=\"twitter:card\" content=\"summary_large_image\" \/>\n<script type=\"application\/ld+json\" class=\"yoast-schema-graph\">{\"@context\":\"https:\/\/schema.org\",\"@graph\":[{\"@type\":\"WebSite\",\"@id\":\"https:\/\/boasnovas.me\/novosite\/#website\",\"url\":\"https:\/\/boasnovas.me\/novosite\/\",\"name\":\"BoasNovas\",\"description\":\"Comunica\\u00e7\\u00e3o de Verdade\",\"potentialAction\":[{\"@type\":\"SearchAction\",\"target\":\"https:\/\/boasnovas.me\/novosite\/?s={search_term_string}\",\"query-input\":\"required name=search_term_string\"}],\"inLanguage\":\"en-US\"},{\"@type\":\"WebPage\",\"@id\":\"http:\/\/boasnovas.me\/novosite\/sobre-nos\/#webpage\",\"url\":\"http:\/\/boasnovas.me\/novosite\/sobre-nos\/\",\"name\":\"Sobre N\\u00f3s - BoasNovas\",\"isPartOf\":{\"@id\":\"https:\/\/boasnovas.me\/novosite\/#website\"},\"datePublished\":\"2017-11-03T05:49:11+00:00\",\"dateModified\":\"2020-05-19T23:39:37+00:00\",\"inLanguage\":\"en-US\",\"potentialAction\":[{\"@type\":\"ReadAction\",\"target\":[\"http:\/\/boasnovas.me\/novosite\/sobre-nos\/\"]}]}]}<\/script>\n<!-- \/ Yoast SEO plugin. -->","_links":{"self":[{"href":"https:\/\/boasnovas.me\/novosite\/wp-json\/wp\/v2\/pages\/1941"}],"collection":[{"href":"https:\/\/boasnovas.me\/novosite\/wp-json\/wp\/v2\/pages"}],"about":[{"href":"https:\/\/boasnovas.me\/novosite\/wp-json\/wp\/v2\/types\/page"}],"author":[{"embeddable":true,"href":"https:\/\/boasnovas.me\/novosite\/wp-json\/wp\/v2\/users\/1"}],"replies":[{"embeddable":true,"href":"https:\/\/boasnovas.me\/novosite\/wp-json\/wp\/v2\/comments?post=1941"}],"version-history":[{"count":135,"href":"https:\/\/boasnovas.me\/novosite\/wp-json\/wp\/v2\/pages\/1941\/revisions"}],"predecessor-version":[{"id":3884,"href":"https:\/\/boasnovas.me\/novosite\/wp-json\/wp\/v2\/pages\/1941\/revisions\/3884"}],"wp:attachment":[{"href":"https:\/\/boasnovas.me\/novosite\/wp-json\/wp\/v2\/media?parent=1941"}],"curies":[{"name":"wp","href":"https:\/\/api.w.org\/{rel}","templated":true}]}}